{"id":106,"date":"2017-11-23T11:54:30","date_gmt":"2017-11-23T10:54:30","guid":{"rendered":"https:\/\/www.tsconsultance.com\/wordpress\/?page_id=106"},"modified":"2022-09-24T20:47:15","modified_gmt":"2022-09-24T18:47:15","slug":"sandrine-sargentini","status":"publish","type":"page","link":"https:\/\/www.123sophrologie.com\/?page_id=106","title":{"rendered":"Sandrine Sargentini, Sophrologue RNCP"},"content":{"rendered":"\n<ol><li><strong>S<\/strong>andrine<\/li><li><strong>S<\/strong>argentini<\/li><li><strong>S<\/strong>ophrologue <a href=\"https:\/\/www.chambre-syndicale-sophrologie.fr\/titre-rncp\/\">(Praticienne Certifi\u00e9 RNCP)<\/a><\/li><\/ol>\n\n\n\n<p>Mon r\u00f4le consiste \u00e0 vous faire prendre conscience de vos propres ressources et capacit\u00e9s, cela gr\u00e2ce \u00e0 un accompagnement personnalis\u00e9 que j&rsquo;animerai dans la confidentialit\u00e9 et le non-jugement afin de vous transmettre les techniques th\u00e9rapeutiques de sophrologie \u00e0 adapter \u00e0 votre quotidien.<\/p>\n\n\n\n<p>Je suis praticienne&nbsp;<a href=\"https:\/\/www.chambre-syndicale-sophrologie.fr\/titre-rncp\/\"><strong>Sophrologue&nbsp;<span style=\"font-size: 1rem;\">Certifi\u00e9e<\/span><\/strong><span style=\"font-size: 1rem;\"><strong>&nbsp;RNCP<\/strong>&nbsp;<\/span><\/a><span style=\"font-size: 1rem;\">, titre obtenu aupr\u00e8s <\/span><span style=\"font-size: 1rem;\">de l&rsquo;Institut de formation \u00e0 la sophrologie (<\/span>Certification Professionnelle de Sophrologue, titre de niveau III (France) et 5 (Europe) <a href=\"http:\/\/www.rncp.cncp.gouv.fr\/grand-public\/visualisationFiche?format=fr&amp;fiche=13375\" target=\"_blank\" rel=\"noopener noreferrer\">enregistr\u00e9 au RNCP sous le N\u00b013375).<br><\/a>J&rsquo;adh\u00e8re \u00e0 la chambre syndicale de la sophrologie. Dans ce cadre je r\u00e9ponds au code de d\u00e9ontologie du m\u00e9tier (<a href=\"https:\/\/www.chambre-syndicale-sophrologie.fr\/ethique-deontologie-sophrologue\/\" target=\"_blank\" rel=\"noopener\">\u00e9thique et d\u00e9ontologie du sophrologue<\/a>).<\/p>\n\n\n\n<p><strong><a href=\"https:\/\/www.chambre-syndicale-sophrologie.fr\/la-reconnaissance-du-metier-de-sophrologue\/\" target=\"_blank\" rel=\"noopener\">La reconnaissance du m\u00e9tier de sophrologue<\/a><\/strong><\/p>\n\n\n\n<figure class=\"wp-block-image\"><a href=\"https:\/\/www.chambre-syndicale-sophrologie.fr\/la-reconnaissance-du-metier-de-sophrologue\/\"><img src=\"https:\/\/www.123sophrologie.com\/wp-content\/uploads\/2017\/12\/ChbreSyndicaleSOPHRO-logo2017_HD.png\" alt=\"Chambre Syndicale de la Sophrologie\"\/><\/a><\/figure>\n","protected":false},"excerpt":{"rendered":"<p>Sandrine Sargentini Sophrologue (Praticienne Certifi\u00e9 RNCP) Mon r\u00f4le consiste \u00e0 vous faire prendre conscience de vos propres ressources et capacit\u00e9s, cela gr\u00e2ce \u00e0 un accompagnement personnalis\u00e9 que j&rsquo;animerai dans la confidentialit\u00e9 et le non-jugement afin de vous transmettre les techniques th\u00e9rapeutiques de sophrologie \u00e0 adapter \u00e0 votre quotidien. Je suis praticienne&nbsp;Sophrologue&nbsp;Certifi\u00e9e&nbsp;RNCP&nbsp;, titre obtenu aupr\u00e8s de &hellip; <\/p>\n<p class=\"link-more\"><a href=\"https:\/\/www.123sophrologie.com\/?page_id=106\" class=\"more-link\">Continuer la lecture<span class=\"screen-reader-text\"> de &laquo;&nbsp;Sandrine Sargentini, Sophrologue RNCP&nbsp;&raquo;<\/span><\/a><\/p>\n","protected":false},"author":1,"featured_media":221,"parent":0,"menu_order":0,"comment_status":"closed","ping_status":"closed","template":"","meta":[],"_links":{"self":[{"href":"https:\/\/www.123sophrologie.com\/index.php?rest_route=\/wp\/v2\/pages\/106"}],"collection":[{"href":"https:\/\/www.123sophrologie.com\/index.php?rest_route=\/wp\/v2\/pages"}],"about":[{"href":"https:\/\/www.123sophrologie.com\/index.php?rest_route=\/wp\/v2\/types\/page"}],"author":[{"embeddable":true,"href":"https:\/\/www.123sophrologie.com\/index.php?rest_route=\/wp\/v2\/users\/1"}],"replies":[{"embeddable":true,"href":"https:\/\/www.123sophrologie.com\/index.php?rest_route=%2Fwp%2Fv2%2Fcomments&post=106"}],"version-history":[{"count":0,"href":"https:\/\/www.123sophrologie.com\/index.php?rest_route=\/wp\/v2\/pages\/106\/revisions"}],"wp:featuredmedia":[{"embeddable":true,"href":"https:\/\/www.123sophrologie.com\/index.php?rest_route=\/wp\/v2\/media\/221"}],"wp:attachment":[{"href":"https:\/\/www.123sophrologie.com\/index.php?rest_route=%2Fwp%2Fv2%2Fmedia&parent=106"}],"curies":[{"name":"wp","href":"https:\/\/api.w.org\/{rel}","templated":true}]}}