{"id":227,"date":"2018-08-23T19:17:01","date_gmt":"2018-08-23T17:17:01","guid":{"rendered":"https:\/\/www.123sophrologie.com\/?page_id=227"},"modified":"2022-09-24T20:46:57","modified_gmt":"2022-09-24T18:46:57","slug":"privacy-policy","status":"publish","type":"page","link":"https:\/\/www.123sophrologie.com\/?page_id=227","title":{"rendered":"Protection des donn\u00e9es"},"content":{"rendered":"\n<p>L&rsquo;information qui suit concerne notre parfait application du r\u00e8glement g\u00e9n\u00e9ral Europ\u00e9en sur la protection des donn\u00e9es.<\/p>\n\n\n\n<h2><strong>Qui sommes-nous?<\/strong><\/h2>\n\n\n\n<p>L&rsquo;adresse de notre site web est: <a href=\"https:\/\/www.123sophrologie.com\">https:\/\/www.123sophrologie.com<\/a>. Nos coordonn\u00e9es de contacts se trouvent sur la page <a href=\"https:\/\/www.123sophrologie.com\/?page_id=27\">Contacts<\/a>.<\/p>\n\n\n\n<h2><strong>Quelles sont les donn\u00e9es que nous collectons et qu&rsquo;en faisons-nous?<\/strong><\/h2>\n\n\n\n<h3>Les Commentaires ou formulaire de contact<\/h3>\n\n\n\n<p>Quand les visiteurs laissent des commentaires sur le site, nous collectons les donn\u00e9es formul\u00e9es dans les pages pr\u00e9vues \u00e0 cet effet, mais nous analysons aussi l&rsquo;adresse IP et l&rsquo;agent navigateur utilis\u00e9s afin de nous aider notamment \u00e0 bloquer les spams ou cumuler les statistiques d&rsquo;acc\u00e8s.<\/p>\n\n\n\n<p>Une code anonyme est cr\u00e9\u00e9 \u00e0 partir de l&rsquo;adresse email si fournit (appel\u00e9 aussi un code hash) qui peut \u00eatre envoy\u00e9 au service Gravatar afin de v\u00e9rifier si l&#8217;email est vraiment utilis\u00e9. La police de protection des donn\u00e9es du service Gravatar est accessible ici : <a href=\"https:\/\/automattic.com\/privacy\/\">https:\/\/automattic.com\/privacy\/<\/a>.&nbsp; Ce sera uniquement apr\u00e8s approbation de vos commentaires que votre image et commentaires seront rendus visibles.<\/p>\n\n\n\n<h3>Les M\u00e9dias<\/h3>\n\n\n\n<p>Si vous chargez des images sur le site, attention de bien \u00e9viter d&rsquo;indiquer des m\u00e9tadonn\u00e9es dans ces images tels que EXIF ou coordonn\u00e9es GPS car des personnes malintentionn\u00e9s pourraient r\u00e9cup\u00e9rer ces images et acc\u00e9der \u00e0 ces informations. Nous n&rsquo;utilisons pas ces donn\u00e9es.<\/p>\n\n\n\n<h3>Les cookies<\/h3>\n\n\n\n<p>Si vous laissez un commentaire sur le site, vous pouvez opter de laisser votre nom et adresse email et nom du site, informations qui pourront \u00eatre v\u00e9hicul\u00e9s dans des cookies sur votre navigateur. Ceci pour votre confort vous simplifiera la ressaisie de ces informations dans de futurs commentaires. Ces cookies seront conserv\u00e9s un an.<\/p>\n\n\n\n<p>Si vous avez un compte et que vous ouvrez une session sur le site, nous installons aussi un cookie temporaire afin de d\u00e9terminer si le navigateur utilis\u00e9 accepte les cookies. Ce cookie technique ne contient pas de donn\u00e9es personnelles et sera supprim\u00e9 automatiquement quand vous fermez votre navigateur.<\/p>\n\n\n\n<p>Quand vous vous signez sur le site, nous installons aussi plusieurs cookies afin de sauvegarder les informations de connexion ainsi que vos choix d&rsquo;affichage.&nbsp; Ces cookies seront persistants seulement deux jours toutefois les options des cookies d&rsquo;\u00e9cran durent un an pour votre confort de parcours en revenant visiter le site.&nbsp; Si vous s\u00e9lectionnez l&rsquo;option propos\u00e9e &laquo;&nbsp;Se souvenir de moi&nbsp;&raquo;, votre connexion persistera pendant deux semaines. Si vous vous d\u00e9connectez de votre compte, les cookies de connexion seront supprim\u00e9s.<\/p>\n\n\n\n<p>Si vous modifiez ou publiez un article sur le blog, un cookie suppl\u00e9mentaire sera enregistr\u00e9 dans votre navigateur. Ce cookie ne contient aucune donn\u00e9e personnelle et indique simplement l&rsquo;identifiant de l&rsquo;article que vous venez de modifier. Il expire apr\u00e8s 1 jour.<\/p>\n\n\n\n<h3>Contenus incorpor\u00e9s provenant d&rsquo;autres sites Web<\/h3>\n\n\n\n<p>Les articles sur le site peuvent inclure du contenu incorpor\u00e9 et li\u00e9 (par exemple des vid\u00e9os, des images, d&rsquo;autres articles, etc.).&nbsp; Le contenu incorpor\u00e9 (copi\u00e9 avec lien) provenant d&rsquo;autres sites web est une pure duplication de ceux-ci et \u00e0 ce titre se comporte exactement comme si vous visitiez le site web original.<\/p>\n\n\n\n<p>Si vous avez un compte et \u00eates connect\u00e9 ainsi \u00e0 des sites web tiers, ceux-ci peuvent collecter des donn\u00e9es vous concernant, utiliser des cookies propres, int\u00e9grer un suivi tiers et surveiller votre interaction avec leurs contenus incorpor\u00e9s.<\/p>\n\n\n\n<h2><strong>Analyses des donn\u00e9es<\/strong><\/h2>\n\n\n\n<h3>Avec qui partageons-nous vos donn\u00e9es?<\/h3>\n\n\n\n<h3>Combien de temps nous conservons vos donn\u00e9es?<\/h3>\n\n\n\n<p>Si vous laissez un commentaire, le commentaire et ses m\u00e9tadonn\u00e9es sont conserv\u00e9s ind\u00e9finiment. Nous pouvons \u00eatre \u00e0 m\u00eame de reconna\u00eetre et approuver automatiquement les commentaires de suivi au lieu de les conserver dans une file de mod\u00e9ration manuelle.<\/p>\n\n\n\n<p>Pour les utilisateurs qui s\u2019inscrivent sur notre site web (le cas \u00e9ch\u00e9ant), nous stockons \u00e9galement les informations personnelles qu\u2019ils fournissent dans leur profil d\u2019utilisateur. Tous les utilisateurs peuvent voir, modifier ou supprimer leurs propres informations personnelles \u00e0 tout moment (sauf qu&rsquo;ils ne peuvent pas changer leur identifiant utilisateur). Les administrateurs de notre site web peuvent \u00e9galement voir et modifier ces informations si cela devenait n\u00e9cessaire.<\/p>\n\n\n\n<h3>Quels droits avez-vous sur vos donn\u00e9es?<\/h3>\n\n\n\n<p>Si vous avez un compte sur le site ou si vous avez laiss\u00e9 des commentaires, vous pouvez demander \u00e0 recevoir un fichier export\u00e9 des donn\u00e9es personnelles que nous d\u00e9tenons \u00e0 votre sujet, y compris les donn\u00e9es que vous nous avez fournies. Vous pouvez \u00e9galement demander que nous effacions toutes les donn\u00e9es personnelles que nous d\u00e9tenons \u00e0 votre sujet. Cela n&rsquo;inclut pas les donn\u00e9es que nous sommes oblig\u00e9s de conserver \u00e0 des fins administratives, juridiques ou de s\u00e9curit\u00e9.<\/p>\n\n\n\n<h3>O\u00f9 envoyons-nous vos donn\u00e9es?<\/h3>\n\n\n\n<p>Les commentaires et emails fournis des visiteurs peuvent \u00eatre v\u00e9rifi\u00e9s via un service automatis\u00e9 de d\u00e9tection de spam comme indiqu\u00e9 plus haut.<\/p>\n\n\n\n<p>Vos coordonn\u00e9es et autres informations additionnelles que vous auriez fournies et que nous d\u00e9tenons \u00e0 des fins de statistique, ne seront jamais envoy\u00e9es.<\/p>\n\n\n\n<h3>Comment prot\u00e9geons-nous vos donn\u00e9es?<\/h3>\n\n\n\n<p>Vos donn\u00e9es sont stock\u00e9s sur nos propres serveurs physiquement n\u00e9anmoins font&nbsp; l&rsquo;objet d&rsquo;encryptage et de copie crypt\u00e9e sur des sites de sauvegarde du march\u00e9 tel que actuellement Crashplan (crypt\u00e9 signifie totalement illisible m\u00eame par des administrateurs).<\/p>\n\n\n\n<h3>Quelles proc\u00e9dures contre les violations de donn\u00e9es avons-nous mises en place?<\/h3>\n\n\n\n<p>Nous utilisons les techniques et architectures les plus modernes d&rsquo;administration et de gestion sur nos serveurs web. Les mises \u00e0 jours de s\u00e9curit\u00e9 des applications ou syst\u00e8mes d&rsquo;exploitation sont appliqu\u00e9es d\u00e8s qu&rsquo;elles sont communiqu\u00e9es par les fournisseurs des diff\u00e9rents logiciels et syst\u00e8mes utilis\u00e9s. Nous utilisons principalement des serveurs Linux (utilisant WordPress et Python ou PHP) du march\u00e9 dot\u00e9s de pare-feu, antivirus et de protections modernes en temps r\u00e9el (diagnostics et contre-mesures actifs, alertes email et sms d&rsquo;acc\u00e8s anormaux etc.) contre les attaques visant \u00e0 d\u00e9truire, ran\u00e7onner ou \u00e0 but de copie automatis\u00e9e et frauduleuse du site.<\/p>\n\n\n\n<p>Nous ne recevons aucune donn\u00e9es d&rsquo;autres tiers.&nbsp; Nous ne prenons aucune d\u00e9cision&nbsp;automatis\u00e9e et \/ ou de profilage avec les donn\u00e9es utilisateur autres que pour valider les commentaires avant de les mettre en ligne sur le site.<\/p>\n","protected":false},"excerpt":{"rendered":"<p>L&rsquo;information qui suit concerne notre parfait application du r\u00e8glement g\u00e9n\u00e9ral Europ\u00e9en sur la protection des donn\u00e9es. Qui sommes-nous? L&rsquo;adresse de notre site web est: https:\/\/www.123sophrologie.com. Nos coordonn\u00e9es de contacts se trouvent sur la page Contacts. Quelles sont les donn\u00e9es que nous collectons et qu&rsquo;en faisons-nous? Les Commentaires ou formulaire de contact Quand les visiteurs laissent &hellip; <\/p>\n<p class=\"link-more\"><a href=\"https:\/\/www.123sophrologie.com\/?page_id=227\" class=\"more-link\">Continuer la lecture<span class=\"screen-reader-text\"> de &laquo;&nbsp;Protection des donn\u00e9es&nbsp;&raquo;<\/span><\/a><\/p>\n","protected":false},"author":1,"featured_media":0,"parent":0,"menu_order":0,"comment_status":"closed","ping_status":"closed","template":"","meta":[],"_links":{"self":[{"href":"https:\/\/www.123sophrologie.com\/index.php?rest_route=\/wp\/v2\/pages\/227"}],"collection":[{"href":"https:\/\/www.123sophrologie.com\/index.php?rest_route=\/wp\/v2\/pages"}],"about":[{"href":"https:\/\/www.123sophrologie.com\/index.php?rest_route=\/wp\/v2\/types\/page"}],"author":[{"embeddable":true,"href":"https:\/\/www.123sophrologie.com\/index.php?rest_route=\/wp\/v2\/users\/1"}],"replies":[{"embeddable":true,"href":"https:\/\/www.123sophrologie.com\/index.php?rest_route=%2Fwp%2Fv2%2Fcomments&post=227"}],"version-history":[{"count":0,"href":"https:\/\/www.123sophrologie.com\/index.php?rest_route=\/wp\/v2\/pages\/227\/revisions"}],"wp:attachment":[{"href":"https:\/\/www.123sophrologie.com\/index.php?rest_route=%2Fwp%2Fv2%2Fmedia&parent=227"}],"curies":[{"name":"wp","href":"https:\/\/api.w.org\/{rel}","templated":true}]}}