{"id":25,"date":"2017-11-16T16:46:07","date_gmt":"2017-11-16T15:46:07","guid":{"rendered":"https:\/\/www.tsconsultance.com\/wordpress\/?page_id=25"},"modified":"2022-09-24T20:46:08","modified_gmt":"2022-09-24T18:46:08","slug":"accueil","status":"publish","type":"page","link":"https:\/\/www.123sophrologie.com\/","title":{"rendered":"Accueil"},"content":{"rendered":"\n<ol><li><strong>SOS<\/strong> &#8211; Harmonie, S\u00e9r\u00e9nit\u00e9<\/li><li><strong>PHREN<\/strong> &#8211; Conscience, Esprit<\/li><li><strong>LOGOS<\/strong> &#8211; Science, Etude<\/li><\/ol>\n\n\n\n<p>La Sophrologie est une technique psychocorporelle destin\u00e9e \u00e0 d\u00e9velopper la conscience d&rsquo;un individu \u00e0\u00a0travers l&rsquo;\u00e9coute de ces ressentis.<\/p>\n","protected":false},"excerpt":{"rendered":"<p>SOS &#8211; Harmonie, S\u00e9r\u00e9nit\u00e9 PHREN &#8211; Conscience, Esprit LOGOS &#8211; Science, Etude La Sophrologie est une technique psychocorporelle destin\u00e9e \u00e0 d\u00e9velopper la conscience d&rsquo;un individu \u00e0\u00a0travers l&rsquo;\u00e9coute de ces ressentis.<\/p>\n","protected":false},"author":1,"featured_media":0,"parent":0,"menu_order":0,"comment_status":"closed","ping_status":"closed","template":"","meta":[],"_links":{"self":[{"href":"https:\/\/www.123sophrologie.com\/index.php?rest_route=\/wp\/v2\/pages\/25"}],"collection":[{"href":"https:\/\/www.123sophrologie.com\/index.php?rest_route=\/wp\/v2\/pages"}],"about":[{"href":"https:\/\/www.123sophrologie.com\/index.php?rest_route=\/wp\/v2\/types\/page"}],"author":[{"embeddable":true,"href":"https:\/\/www.123sophrologie.com\/index.php?rest_route=\/wp\/v2\/users\/1"}],"replies":[{"embeddable":true,"href":"https:\/\/www.123sophrologie.com\/index.php?rest_route=%2Fwp%2Fv2%2Fcomments&post=25"}],"version-history":[{"count":0,"href":"https:\/\/www.123sophrologie.com\/index.php?rest_route=\/wp\/v2\/pages\/25\/revisions"}],"wp:attachment":[{"href":"https:\/\/www.123sophrologie.com\/index.php?rest_route=%2Fwp%2Fv2%2Fmedia&parent=25"}],"curies":[{"name":"wp","href":"https:\/\/api.w.org\/{rel}","templated":true}]}}