{"id":27,"date":"2017-11-16T16:46:08","date_gmt":"2017-11-16T15:46:08","guid":{"rendered":"https:\/\/www.tsconsultance.com\/wordpress\/?page_id=27"},"modified":"2022-09-24T20:46:35","modified_gmt":"2022-09-24T18:46:35","slug":"contact","status":"publish","type":"page","link":"https:\/\/www.123sophrologie.com\/?page_id=27","title":{"rendered":"Contact"},"content":{"rendered":"\n<h1><strong>Sur rendez-vous<\/strong><\/h1>\n\n\n\n<ul><li>A votre domicile ou dans mon cabinet \u00e0 Villeneuve-Loubet Plage ou \u00e0 Cagnes-Sur-Mer.<\/li><li>De 8h30 \u00e0 19h30<\/li><li>Une s\u00e9ance dure environ une heure<\/li><li>N&rsquo;h\u00e9sitez pas \u00e0 me contacter&nbsp;au&nbsp;<strong>06.79.35.75.21<\/strong>, nous conviendrons de la meilleure option pour les rendez-vous<\/li><\/ul>\n\n\n\n<p><\/p>\n","protected":false},"excerpt":{"rendered":"<p>Sur rendez-vous A votre domicile ou dans mon cabinet \u00e0 Villeneuve-Loubet Plage ou \u00e0 Cagnes-Sur-Mer. De 8h30 \u00e0 19h30 Une s\u00e9ance dure environ une heure N&rsquo;h\u00e9sitez pas \u00e0 me contacter&nbsp;au&nbsp;06.79.35.75.21, nous conviendrons de la meilleure option pour les rendez-vous<\/p>\n","protected":false},"author":1,"featured_media":71,"parent":0,"menu_order":0,"comment_status":"closed","ping_status":"closed","template":"","meta":[],"_links":{"self":[{"href":"https:\/\/www.123sophrologie.com\/index.php?rest_route=\/wp\/v2\/pages\/27"}],"collection":[{"href":"https:\/\/www.123sophrologie.com\/index.php?rest_route=\/wp\/v2\/pages"}],"about":[{"href":"https:\/\/www.123sophrologie.com\/index.php?rest_route=\/wp\/v2\/types\/page"}],"author":[{"embeddable":true,"href":"https:\/\/www.123sophrologie.com\/index.php?rest_route=\/wp\/v2\/users\/1"}],"replies":[{"embeddable":true,"href":"https:\/\/www.123sophrologie.com\/index.php?rest_route=%2Fwp%2Fv2%2Fcomments&post=27"}],"version-history":[{"count":0,"href":"https:\/\/www.123sophrologie.com\/index.php?rest_route=\/wp\/v2\/pages\/27\/revisions"}],"wp:featuredmedia":[{"embeddable":true,"href":"https:\/\/www.123sophrologie.com\/index.php?rest_route=\/wp\/v2\/media\/71"}],"wp:attachment":[{"href":"https:\/\/www.123sophrologie.com\/index.php?rest_route=%2Fwp%2Fv2%2Fmedia&parent=27"}],"curies":[{"name":"wp","href":"https:\/\/api.w.org\/{rel}","templated":true}]}}